{"id":359,"date":"2015-02-09T21:33:41","date_gmt":"2015-02-09T21:33:41","guid":{"rendered":"http:\/\/cartayrade.com\/?page_id=359"},"modified":"2021-09-12T09:00:06","modified_gmt":"2021-09-12T09:00:06","slug":"contact","status":"publish","type":"page","link":"https:\/\/cartayrade.com\/fr\/contact\/","title":{"rendered":"Contact"},"content":{"rendered":"<p>[vc_row][vc_column width=&#8221;7\/12&#8243; offset=&#8221;vc_col-lg-7 vc_col-md-7&#8243;][vc_column_text]<b>Informations ou r\u00e9server<br \/>\n<\/b><\/p>\n<p>N&#8217;h\u00e9sitez pas \u00e0 nous contacter si vous avez des questions. Vous pouvez nous t\u00e9l\u00e9phoner ou envoyer un e-mail. Il Vous pouvez r\u00e9server en ligne, par t\u00e9l\u00e9phone ou par mail. Dans tous les cas nous vous r\u00e9pondrons sous 48 heures. Consultez \u00e9galement notre foire aux questions.<\/p>\n<p>\u00c0 bient\u00f4t aux G\u00eetes de Cartayrade!<\/p>\n<p>Hendrik en Dorine Brakel<br \/>\nG\u00eetes de Cartayrade<br \/>\nRials<br \/>\n34260 Av\u00e8ne<br \/>\nFrance[\/vc_column_text][\/vc_column][vc_column width=&#8221;5\/12&#8243; offset=&#8221;vc_col-lg-5 vc_col-md-5&#8243;][vc_column_text]<strong>Tel &amp; e-mail<\/strong><\/p>\n<table class=\"MainTextStyle\">\n<tbody>\n<tr>\n<td><span style=\"font-family: Verdana;\">Portable<\/span><\/td>\n<td><span style=\"font-family: Verdana;\">06 85 36 20 74<\/span><\/td>\n<\/tr>\n<tr>\n<td><span style=\"font-family: Verdana;\">Portable<\/span><\/td>\n<td><span style=\"font-family: Verdana;\">06 08 31 24 24<\/span><\/td>\n<\/tr>\n<tr>\n<td><span style=\"font-family: Verdana;\">e-mail<\/span><\/td>\n<td><span style=\"font-family: Verdana;\"><span style=\"color: #0000ff;\"><a href=\"mailto:info@cartayrade.com\">info@cartayrade.com<\/a><\/span>\u00a0<\/span><\/td>\n<\/tr>\n<\/tbody>\n<\/table>\n<p>[\/vc_column_text][\/vc_column][\/vc_row][vc_row][vc_column 0=&#8221;&#8221;][vc_empty_space 0=&#8221;&#8221;][\/vc_column][\/vc_row][vc_row][vc_column width=&#8221;1\/2&#8243; offset=&#8221;vc_col-lg-6 vc_col-md-6&#8243;][vc_button title=&#8221;Itin\u00e9raire&#8221; btn_type=&#8221;filled&#8221; href=&#8221;\/contact\/itineraire\/&#8221;][vc_gmaps link=&#8221;#E-8_JTNDaWZyYW1lJTIwc3JjJTNEJTIyaHR0cHMlM0ElMkYlMkZ3d3cuZ29vZ2xlLmNvbSUyRm1hcHMlMkZlbWJlZCUzRnBiJTNEJTIxMW0xNCUyMTFtOCUyMTFtMyUyMTFkNTc2OC42NjgyNzQ0MjQ2MDclMjEyZDMuMDQyODcxMDI1NTM5NTQyJTIxM2Q0My43MDM2MDQ2Nzk0NDM4MzUlMjEzbTIlMjExaTEwMjQlMjEyaTc2OCUyMTRmMTMuMSUyMTNtMyUyMTFtMiUyMTFzMHgwJTI1M0EweGUwM2M4ZmY2OTc0YTE2ZjMlMjEyc0clMjVDMyUyNUFFdGVzJTJCZGUlMkJDYXJ0YXlyYWRlJTIxNWUwJTIxM20yJTIxMXNubCUyMTJzbmwlMjE0djE0MTg3NjE3NTgxMDQlMjIlMjB3aWR0aCUzRCUyMjYwMCUyMiUyMGhlaWdodCUzRCUyMjQ1MCUyMiUyMGZyYW1lYm9yZGVyJTNEJTIyMCUyMiUyMHN0eWxlJTNEJTIyYm9yZGVyJTNBMCUyMiUzRSUzQyUyRmlmcmFtZSUzRQ==&#8221; size=&#8221;260&#8243;][\/vc_column][vc_column width=&#8221;1\/2&#8243;][vc_single_image image=&#8221;205&#8243; img_link_large=&#8221;yes&#8221; img_size=&#8221;medium&#8221;][\/vc_column][\/vc_row][vc_row][vc_column 0=&#8221;&#8221;][vc_empty_space 0=&#8221;&#8221;][\/vc_column][\/vc_row][vc_row][vc_column 0=&#8221;&#8221;][\/vc_column][\/vc_row]<\/p>\n","protected":false},"excerpt":{"rendered":"<p>[vc_row][vc_column width=&#8221;7\/12&#8243; offset=&#8221;vc_col-lg-7 vc_col-md-7&#8243;][vc_column_text]Informations ou r\u00e9server N&#8217;h\u00e9sitez pas \u00e0 nous contacter si vous avez des questions. Vous pouvez nous t\u00e9l\u00e9phoner ou envoyer un e-mail. Il Vous pouvez r\u00e9server en ligne, par t\u00e9l\u00e9phone ou par mail&#8230;.<\/p>\n","protected":false},"author":4,"featured_media":0,"parent":0,"menu_order":0,"comment_status":"open","ping_status":"open","template":"","meta":{"footnotes":""},"class_list":["post-359","page","type-page","status-publish","hentry"],"yoast_head":"<!-- This site is optimized with the Yoast SEO plugin v20.5 - https:\/\/yoast.com\/wordpress\/plugins\/seo\/ -->\n<title>Contact - Cartayrade<\/title>\n<meta name=\"robots\" content=\"index, follow, max-snippet:-1, max-image-preview:large, max-video-preview:-1\" \/>\n<link rel=\"canonical\" href=\"https:\/\/cartayrade.com\/fr\/contact\/\" \/>\n<meta property=\"og:locale\" content=\"fr_FR\" \/>\n<meta property=\"og:type\" content=\"article\" \/>\n<meta property=\"og:title\" content=\"Contact - Cartayrade\" \/>\n<meta property=\"og:description\" content=\"[vc_row][vc_column width=&#8221;7\/12&#8243; offset=&#8221;vc_col-lg-7 vc_col-md-7&#8243;][vc_column_text]Informations ou r\u00e9server N&#8217;h\u00e9sitez pas \u00e0 nous contacter si vous avez des questions. Vous pouvez nous t\u00e9l\u00e9phoner ou envoyer un e-mail. Il Vous pouvez r\u00e9server en ligne, par t\u00e9l\u00e9phone ou par mail....\" \/>\n<meta property=\"og:url\" content=\"https:\/\/cartayrade.com\/fr\/contact\/\" \/>\n<meta property=\"og:site_name\" content=\"Cartayrade\" \/>\n<meta property=\"article:modified_time\" content=\"2021-09-12T09:00:06+00:00\" \/>\n<meta name=\"twitter:label1\" content=\"Dur\u00e9e de lecture estim\u00e9e\" \/>\n\t<meta name=\"twitter:data1\" content=\"1 minute\" \/>\n<script type=\"application\/ld+json\" class=\"yoast-schema-graph\">{\"@context\":\"https:\/\/schema.org\",\"@graph\":[{\"@type\":\"WebPage\",\"@id\":\"https:\/\/cartayrade.com\/fr\/contact\/\",\"url\":\"https:\/\/cartayrade.com\/fr\/contact\/\",\"name\":\"Contact - Cartayrade\",\"isPartOf\":{\"@id\":\"https:\/\/cartayrade.com\/#website\"},\"datePublished\":\"2015-02-09T21:33:41+00:00\",\"dateModified\":\"2021-09-12T09:00:06+00:00\",\"breadcrumb\":{\"@id\":\"https:\/\/cartayrade.com\/fr\/contact\/#breadcrumb\"},\"inLanguage\":\"fr-FR\",\"potentialAction\":[{\"@type\":\"ReadAction\",\"target\":[\"https:\/\/cartayrade.com\/fr\/contact\/\"]}]},{\"@type\":\"BreadcrumbList\",\"@id\":\"https:\/\/cartayrade.com\/fr\/contact\/#breadcrumb\",\"itemListElement\":[{\"@type\":\"ListItem\",\"position\":1,\"name\":\"Home\",\"item\":\"https:\/\/cartayrade.com\/fr\/\"},{\"@type\":\"ListItem\",\"position\":2,\"name\":\"Contact\"}]},{\"@type\":\"WebSite\",\"@id\":\"https:\/\/cartayrade.com\/#website\",\"url\":\"https:\/\/cartayrade.com\/\",\"name\":\"Cartayrade\",\"description\":\"Gites en nature\",\"potentialAction\":[{\"@type\":\"SearchAction\",\"target\":{\"@type\":\"EntryPoint\",\"urlTemplate\":\"https:\/\/cartayrade.com\/?s={search_term_string}\"},\"query-input\":\"required name=search_term_string\"}],\"inLanguage\":\"fr-FR\"}]}<\/script>\n<!-- \/ Yoast SEO plugin. -->","yoast_head_json":{"title":"Contact - Cartayrade","robots":{"index":"index","follow":"follow","max-snippet":"max-snippet:-1","max-image-preview":"max-image-preview:large","max-video-preview":"max-video-preview:-1"},"canonical":"https:\/\/cartayrade.com\/fr\/contact\/","og_locale":"fr_FR","og_type":"article","og_title":"Contact - Cartayrade","og_description":"[vc_row][vc_column width=&#8221;7\/12&#8243; offset=&#8221;vc_col-lg-7 vc_col-md-7&#8243;][vc_column_text]Informations ou r\u00e9server N&#8217;h\u00e9sitez pas \u00e0 nous contacter si vous avez des questions. Vous pouvez nous t\u00e9l\u00e9phoner ou envoyer un e-mail. Il Vous pouvez r\u00e9server en ligne, par t\u00e9l\u00e9phone ou par mail....","og_url":"https:\/\/cartayrade.com\/fr\/contact\/","og_site_name":"Cartayrade","article_modified_time":"2021-09-12T09:00:06+00:00","twitter_misc":{"Dur\u00e9e de lecture estim\u00e9e":"1 minute"},"schema":{"@context":"https:\/\/schema.org","@graph":[{"@type":"WebPage","@id":"https:\/\/cartayrade.com\/fr\/contact\/","url":"https:\/\/cartayrade.com\/fr\/contact\/","name":"Contact - Cartayrade","isPartOf":{"@id":"https:\/\/cartayrade.com\/#website"},"datePublished":"2015-02-09T21:33:41+00:00","dateModified":"2021-09-12T09:00:06+00:00","breadcrumb":{"@id":"https:\/\/cartayrade.com\/fr\/contact\/#breadcrumb"},"inLanguage":"fr-FR","potentialAction":[{"@type":"ReadAction","target":["https:\/\/cartayrade.com\/fr\/contact\/"]}]},{"@type":"BreadcrumbList","@id":"https:\/\/cartayrade.com\/fr\/contact\/#breadcrumb","itemListElement":[{"@type":"ListItem","position":1,"name":"Home","item":"https:\/\/cartayrade.com\/fr\/"},{"@type":"ListItem","position":2,"name":"Contact"}]},{"@type":"WebSite","@id":"https:\/\/cartayrade.com\/#website","url":"https:\/\/cartayrade.com\/","name":"Cartayrade","description":"Gites en nature","potentialAction":[{"@type":"SearchAction","target":{"@type":"EntryPoint","urlTemplate":"https:\/\/cartayrade.com\/?s={search_term_string}"},"query-input":"required name=search_term_string"}],"inLanguage":"fr-FR"}]}},"_links":{"self":[{"href":"https:\/\/cartayrade.com\/fr\/wp-json\/wp\/v2\/pages\/359","targetHints":{"allow":["GET"]}}],"collection":[{"href":"https:\/\/cartayrade.com\/fr\/wp-json\/wp\/v2\/pages"}],"about":[{"href":"https:\/\/cartayrade.com\/fr\/wp-json\/wp\/v2\/types\/page"}],"author":[{"embeddable":true,"href":"https:\/\/cartayrade.com\/fr\/wp-json\/wp\/v2\/users\/4"}],"replies":[{"embeddable":true,"href":"https:\/\/cartayrade.com\/fr\/wp-json\/wp\/v2\/comments?post=359"}],"version-history":[{"count":6,"href":"https:\/\/cartayrade.com\/fr\/wp-json\/wp\/v2\/pages\/359\/revisions"}],"predecessor-version":[{"id":966,"href":"https:\/\/cartayrade.com\/fr\/wp-json\/wp\/v2\/pages\/359\/revisions\/966"}],"wp:attachment":[{"href":"https:\/\/cartayrade.com\/fr\/wp-json\/wp\/v2\/media?parent=359"}],"curies":[{"name":"wp","href":"https:\/\/api.w.org\/{rel}","templated":true}]}}