{"id":454,"date":"2015-05-10T09:23:52","date_gmt":"2015-05-10T09:23:52","guid":{"rendered":"http:\/\/cartayrade.com\/?page_id=454"},"modified":"2023-06-06T05:57:47","modified_gmt":"2023-06-06T05:57:47","slug":"tente-safari","status":"publish","type":"page","link":"https:\/\/cartayrade.com\/fr\/logements\/tente-safari\/","title":{"rendered":"Tente Safari"},"content":{"rendered":"<p>[vc_row 0=&#8221;&#8221;][vc_column width=&#8221;1\/2&#8243; offset=&#8221;vc_col-lg-6 vc_col-md-6&#8243;][vc_gallery type=&#8221;image_grid&#8221; images=&#8221;147,135,391,146,145,107,108,134,144&#8243;][\/vc_column][vc_column width=&#8221;1\/2&#8243;][vc_column_text 0=&#8221;&#8221;]<\/p>\n<h5>D\u00e9tails<\/h5>\n<table class=\"table\">\n<tbody>\n<tr>\n<td><strong>Personnes:<\/strong><\/td>\n<td>1-6<\/td>\n<\/tr>\n<tr>\n<td><strong>Pi\u00e8ces:<\/strong><\/td>\n<td>3<\/td>\n<\/tr>\n<tr>\n<td><strong>WiFi:<\/strong><\/td>\n<td>A la ferme (faible)<\/td>\n<\/tr>\n<tr>\n<td><strong>Jardin:<\/strong><\/td>\n<td>Avec aire de jeux<\/td>\n<\/tr>\n<\/tbody>\n<\/table>\n<p>[\/vc_column_text][vc_column_text 0=&#8221;&#8221;]<\/p>\n<h5>Notre tente Safari luxueuse se trouve \u00e0 c\u00f4t\u00e9 de la chapelle St. Maurice au bord d&#8217;une clairi\u00e8re.<\/h5>\n<p>Tarif:<\/p>\n<p>&#8211; juillet\/aout&nbsp; 600\u20ac par semaine et 90\u20ac par nuit<\/p>\n<p>&#8211; autres mois: 400\u20ac par semaine et 60\u20ac par nuit[\/vc_column_text][vc_tabs 0=&#8221;&#8221;][vc_tab title=&#8221;Infos&#8221; tab_id=&#8221;1431244050-1-18&#8243;][vc_column_text 0=&#8221;&#8221;]La tente se trouve au bord d&#8217;un champ avec vue sur la petite vall\u00e9e des Grands Causses. Un endroit calme et apaisant avec beaucoup d&#8217;intimit\u00e9. La ferme et les autres g\u00eetes se trouvent de l&#8217;autre c\u00f4te de la vall\u00e9e \u00e0 3 minutes de marche.[\/vc_column_text][\/vc_tab][vc_tab title=&#8221;Tarifs&#8221; tab_id=&#8221;1431244050-2-0&#8243;][vc_column_text 0=&#8221;&#8221;]<\/p>\n<table class=\"MainTextStyle\">\n<tbody>\n<tr>\n<td>Juillet et ao\u00fbt<\/td>\n<td>600\u20ac par semaine<\/td>\n<\/tr>\n<tr>\n<td>Reste de l&#8217;ann\u00e9e<\/td>\n<td>400\u20ac par semaine<\/td>\n<\/tr>\n<tr>\n<td><\/td>\n<td>60\u20ac par nuit<\/td>\n<\/tr>\n<\/tbody>\n<\/table>\n<p>[\/vc_column_text][\/vc_tab][\/vc_tabs][\/vc_column][\/vc_row][vc_row 0=&#8221;&#8221;][vc_column offset=&#8221;vc_col-lg-12 vc_col-md-12&#8243;][vc_column_text 0=&#8221;&#8221;]<br \/>\npour r\u00e9server: info@cartayrade.com<\/p>\n<p style=\"color: #000000;\"><span class=\"Apple-style-span\" style=\"font-family: Verdana;\">L&#8217;int\u00e9rieur de la tente fait 30 m\u00e8tres carr\u00e9es avec en plus une terrasse semi-couverte de 15 m\u00e8tres carr\u00e9es.<br \/>\n<\/span><\/p>\n<p style=\"color: #000000;\"><span class=\"Apple-style-span\" style=\"font-family: Verdana;\">La cuisine est \u00e9quip\u00e9e d&#8217;une gazini\u00e8re avec four, hotte, grand r\u00e9frig\u00e9rateur et cong\u00e9lateur, cafeti\u00e8re, bouilloire, mixer et ustensiles de cuisine. Il ya des jeux et des livres pour adultes et enfants.<\/span><\/p>\n<p style=\"color: #000000;\"><span style=\"font-family: Verdana;\">Dans le jardin se trouve un bac \u00e0 sable pour les enfants, un coquillage piscine et une balan\u00e7oire. Nous avons r\u00e9alis\u00e9 un chasse au tr\u00e9sor dans les bois.<\/span><\/p>\n<p style=\"color: #000000;\"><span style=\"font-family: Verdana;\">Il y a \u00e9galement la possibilit\u00e9 d&#8217;installer une tente suppl\u00e9mentaire derri\u00e8re la grande tente pour plus d&#8217;espace dans la tente (tarifs sur demande).<\/span><\/p>\n<p>[\/vc_column_text][\/vc_column][\/vc_row][vc_row 0=&#8221;&#8221;][vc_column 0=&#8221;&#8221;][vc_separator type=&#8221;double&#8221;][\/vc_column][\/vc_row][vc_row 0=&#8221;&#8221;][vc_column 0=&#8221;&#8221;][vc_column_text 0=&#8221;&#8221;][\/vc_column_text][\/vc_column][\/vc_row]<br \/>\n<iframe loading=\"lazy\" src=\"https:\/\/www.cybevasion.fr\/annonces_planning.php?id_annonce=20463&amp;id_structure=3625&amp;langue=fr&amp;display_line&amp;transparent\" name=\"planning\" width=\"100%\" height=\"240\" frameborder=\"0\"><\/iframe><\/p>\n","protected":false},"excerpt":{"rendered":"<p>[vc_row 0=&#8221;&#8221;][vc_column width=&#8221;1\/2&#8243; offset=&#8221;vc_col-lg-6 vc_col-md-6&#8243;][vc_gallery type=&#8221;image_grid&#8221; images=&#8221;147,135,391,146,145,107,108,134,144&#8243;][\/vc_column][vc_column width=&#8221;1\/2&#8243;][vc_column_text 0=&#8221;&#8221;] D\u00e9tails Personnes: 1-6 Pi\u00e8ces: 3 WiFi: A la ferme (faible) Jardin: Avec aire de jeux [\/vc_column_text][vc_column_text 0=&#8221;&#8221;] Notre tente Safari luxueuse se trouve \u00e0 c\u00f4t\u00e9 de&#8230;<\/p>\n","protected":false},"author":4,"featured_media":147,"parent":348,"menu_order":0,"comment_status":"closed","ping_status":"open","template":"","meta":{"footnotes":""},"class_list":["post-454","page","type-page","status-publish","has-post-thumbnail","hentry"],"yoast_head":"<!-- This site is optimized with the Yoast SEO plugin v20.5 - https:\/\/yoast.com\/wordpress\/plugins\/seo\/ -->\n<title>Tente Safari - Cartayrade<\/title>\n<meta name=\"robots\" content=\"index, follow, max-snippet:-1, max-image-preview:large, max-video-preview:-1\" \/>\n<link rel=\"canonical\" href=\"https:\/\/cartayrade.com\/fr\/logements\/tente-safari\/\" \/>\n<meta property=\"og:locale\" content=\"fr_FR\" \/>\n<meta property=\"og:type\" content=\"article\" \/>\n<meta property=\"og:title\" content=\"Tente Safari - Cartayrade\" \/>\n<meta property=\"og:description\" content=\"[vc_row 0=&#8221;&#8221;][vc_column width=&#8221;1\/2&#8243; offset=&#8221;vc_col-lg-6 vc_col-md-6&#8243;][vc_gallery type=&#8221;image_grid&#8221; images=&#8221;147,135,391,146,145,107,108,134,144&#8243;][\/vc_column][vc_column width=&#8221;1\/2&#8243;][vc_column_text 0=&#8221;&#8221;] D\u00e9tails Personnes: 1-6 Pi\u00e8ces: 3 WiFi: A la ferme (faible) Jardin: Avec aire de jeux [\/vc_column_text][vc_column_text 0=&#8221;&#8221;] Notre tente Safari luxueuse se trouve \u00e0 c\u00f4t\u00e9 de...\" \/>\n<meta property=\"og:url\" content=\"https:\/\/cartayrade.com\/fr\/logements\/tente-safari\/\" \/>\n<meta property=\"og:site_name\" content=\"Cartayrade\" \/>\n<meta property=\"article:modified_time\" content=\"2023-06-06T05:57:47+00:00\" \/>\n<meta property=\"og:image\" content=\"https:\/\/cartayrade.com\/wp-content\/uploads\/2014\/09\/tent-20131.jpg\" \/>\n\t<meta property=\"og:image:width\" content=\"968\" \/>\n\t<meta property=\"og:image:height\" content=\"648\" \/>\n\t<meta property=\"og:image:type\" content=\"image\/jpeg\" \/>\n<meta name=\"twitter:label1\" content=\"Dur\u00e9e de lecture estim\u00e9e\" \/>\n\t<meta name=\"twitter:data1\" content=\"2 minutes\" \/>\n<script type=\"application\/ld+json\" class=\"yoast-schema-graph\">{\"@context\":\"https:\/\/schema.org\",\"@graph\":[{\"@type\":\"WebPage\",\"@id\":\"https:\/\/cartayrade.com\/fr\/logements\/tente-safari\/\",\"url\":\"https:\/\/cartayrade.com\/fr\/logements\/tente-safari\/\",\"name\":\"Tente Safari - Cartayrade\",\"isPartOf\":{\"@id\":\"https:\/\/cartayrade.com\/#website\"},\"datePublished\":\"2015-05-10T09:23:52+00:00\",\"dateModified\":\"2023-06-06T05:57:47+00:00\",\"breadcrumb\":{\"@id\":\"https:\/\/cartayrade.com\/fr\/logements\/tente-safari\/#breadcrumb\"},\"inLanguage\":\"fr-FR\",\"potentialAction\":[{\"@type\":\"ReadAction\",\"target\":[\"https:\/\/cartayrade.com\/fr\/logements\/tente-safari\/\"]}]},{\"@type\":\"BreadcrumbList\",\"@id\":\"https:\/\/cartayrade.com\/fr\/logements\/tente-safari\/#breadcrumb\",\"itemListElement\":[{\"@type\":\"ListItem\",\"position\":1,\"name\":\"Home\",\"item\":\"https:\/\/cartayrade.com\/fr\/\"},{\"@type\":\"ListItem\",\"position\":2,\"name\":\"Logements\",\"item\":\"https:\/\/cartayrade.com\/fr\/logements\/\"},{\"@type\":\"ListItem\",\"position\":3,\"name\":\"Tente Safari\"}]},{\"@type\":\"WebSite\",\"@id\":\"https:\/\/cartayrade.com\/#website\",\"url\":\"https:\/\/cartayrade.com\/\",\"name\":\"Cartayrade\",\"description\":\"Gites en nature\",\"potentialAction\":[{\"@type\":\"SearchAction\",\"target\":{\"@type\":\"EntryPoint\",\"urlTemplate\":\"https:\/\/cartayrade.com\/?s={search_term_string}\"},\"query-input\":\"required name=search_term_string\"}],\"inLanguage\":\"fr-FR\"}]}<\/script>\n<!-- \/ Yoast SEO plugin. -->","yoast_head_json":{"title":"Tente Safari - Cartayrade","robots":{"index":"index","follow":"follow","max-snippet":"max-snippet:-1","max-image-preview":"max-image-preview:large","max-video-preview":"max-video-preview:-1"},"canonical":"https:\/\/cartayrade.com\/fr\/logements\/tente-safari\/","og_locale":"fr_FR","og_type":"article","og_title":"Tente Safari - Cartayrade","og_description":"[vc_row 0=&#8221;&#8221;][vc_column width=&#8221;1\/2&#8243; offset=&#8221;vc_col-lg-6 vc_col-md-6&#8243;][vc_gallery type=&#8221;image_grid&#8221; images=&#8221;147,135,391,146,145,107,108,134,144&#8243;][\/vc_column][vc_column width=&#8221;1\/2&#8243;][vc_column_text 0=&#8221;&#8221;] D\u00e9tails Personnes: 1-6 Pi\u00e8ces: 3 WiFi: A la ferme (faible) Jardin: Avec aire de jeux [\/vc_column_text][vc_column_text 0=&#8221;&#8221;] Notre tente Safari luxueuse se trouve \u00e0 c\u00f4t\u00e9 de...","og_url":"https:\/\/cartayrade.com\/fr\/logements\/tente-safari\/","og_site_name":"Cartayrade","article_modified_time":"2023-06-06T05:57:47+00:00","og_image":[{"width":968,"height":648,"url":"https:\/\/cartayrade.com\/wp-content\/uploads\/2014\/09\/tent-20131.jpg","type":"image\/jpeg"}],"twitter_misc":{"Dur\u00e9e de lecture estim\u00e9e":"2 minutes"},"schema":{"@context":"https:\/\/schema.org","@graph":[{"@type":"WebPage","@id":"https:\/\/cartayrade.com\/fr\/logements\/tente-safari\/","url":"https:\/\/cartayrade.com\/fr\/logements\/tente-safari\/","name":"Tente Safari - Cartayrade","isPartOf":{"@id":"https:\/\/cartayrade.com\/#website"},"datePublished":"2015-05-10T09:23:52+00:00","dateModified":"2023-06-06T05:57:47+00:00","breadcrumb":{"@id":"https:\/\/cartayrade.com\/fr\/logements\/tente-safari\/#breadcrumb"},"inLanguage":"fr-FR","potentialAction":[{"@type":"ReadAction","target":["https:\/\/cartayrade.com\/fr\/logements\/tente-safari\/"]}]},{"@type":"BreadcrumbList","@id":"https:\/\/cartayrade.com\/fr\/logements\/tente-safari\/#breadcrumb","itemListElement":[{"@type":"ListItem","position":1,"name":"Home","item":"https:\/\/cartayrade.com\/fr\/"},{"@type":"ListItem","position":2,"name":"Logements","item":"https:\/\/cartayrade.com\/fr\/logements\/"},{"@type":"ListItem","position":3,"name":"Tente Safari"}]},{"@type":"WebSite","@id":"https:\/\/cartayrade.com\/#website","url":"https:\/\/cartayrade.com\/","name":"Cartayrade","description":"Gites en nature","potentialAction":[{"@type":"SearchAction","target":{"@type":"EntryPoint","urlTemplate":"https:\/\/cartayrade.com\/?s={search_term_string}"},"query-input":"required name=search_term_string"}],"inLanguage":"fr-FR"}]}},"_links":{"self":[{"href":"https:\/\/cartayrade.com\/fr\/wp-json\/wp\/v2\/pages\/454","targetHints":{"allow":["GET"]}}],"collection":[{"href":"https:\/\/cartayrade.com\/fr\/wp-json\/wp\/v2\/pages"}],"about":[{"href":"https:\/\/cartayrade.com\/fr\/wp-json\/wp\/v2\/types\/page"}],"author":[{"embeddable":true,"href":"https:\/\/cartayrade.com\/fr\/wp-json\/wp\/v2\/users\/4"}],"replies":[{"embeddable":true,"href":"https:\/\/cartayrade.com\/fr\/wp-json\/wp\/v2\/comments?post=454"}],"version-history":[{"count":18,"href":"https:\/\/cartayrade.com\/fr\/wp-json\/wp\/v2\/pages\/454\/revisions"}],"predecessor-version":[{"id":1088,"href":"https:\/\/cartayrade.com\/fr\/wp-json\/wp\/v2\/pages\/454\/revisions\/1088"}],"up":[{"embeddable":true,"href":"https:\/\/cartayrade.com\/fr\/wp-json\/wp\/v2\/pages\/348"}],"wp:featuredmedia":[{"embeddable":true,"href":"https:\/\/cartayrade.com\/fr\/wp-json\/wp\/v2\/media\/147"}],"wp:attachment":[{"href":"https:\/\/cartayrade.com\/fr\/wp-json\/wp\/v2\/media?parent=454"}],"curies":[{"name":"wp","href":"https:\/\/api.w.org\/{rel}","templated":true}]}}