{"id":576,"date":"2016-01-25T18:30:23","date_gmt":"2016-01-25T18:30:23","guid":{"rendered":"http:\/\/cartayrade.com\/fr\/?page_id=576"},"modified":"2023-11-11T07:02:52","modified_gmt":"2023-11-11T07:02:52","slug":"acceuil","status":"publish","type":"page","link":"https:\/\/cartayrade.com\/fr\/","title":{"rendered":"Accueil"},"content":{"rendered":"<p>[vc_row full_width=&#8221;0&#8243; el_class=&#8221;homeslider&#8221; css=&#8221;.vc_custom_1409172875505{background-color: #425f37 !important;}&#8221;][vc_column][rev_slider_vc alias=&#8221;homeslider&#8221;][\/vc_column][\/vc_row][vc_row full_width=&#8221;1&#8243; css_outer=&#8221;.vc_custom_1409173660332{background-color: #425f37 !important;}&#8221;][vc_column][vc_custom_heading text=&#8221;<span class=\"HwtZe\" lang=\"fr\"><span class=\"jCAhz ChMk0b\"><span class=\"ryNqvb\">Ce site a \u00e9t\u00e9 d\u00e9plac\u00e9 vers : www.cartayrade.eu<\/span><\/span><\/span>&#8221; font_container=&#8221;tag:h2|font_size:26px|text_align:center|color:%23ffffff&#8221; google_fonts=&#8221;font_family:Open%20Sans%3A300%2C300italic%2Cregular%2Citalic%2C600%2C600italic%2C700%2C700italic%2C800%2C800italic|font_style:400%20regular%3A400%3Anormal&#8221; el_class=&#8221;hometitel&#8221;][\/vc_column][\/vc_row][vc_row full_width=&#8221;1&#8243; el_class=&#8221;textblockhome&#8221; css_outer=&#8221;.vc_custom_1409173668105{background-color: #425f37 !important;}&#8221;][vc_column width=&#8221;1\/2&#8243;][vc_column_text]<span class=\"Apple-style-span\" style=\"color: #ffffff;\"><br \/>\n<\/span>[\/vc_column_text][\/vc_column][vc_column width=&#8221;1\/2&#8243;][vc_column_text]<span class=\"HwtZe\" lang=\"fr\"><span class=\"jCAhz ChMk0b\"><span class=\"ryNqvb\">Ce site a \u00e9t\u00e9 d\u00e9plac\u00e9 vers : www.cartayrade.eu<\/span><\/span><\/span>[\/vc_column_text][\/vc_column][\/vc_row][vc_row][vc_column][vc_separator][\/vc_column][\/vc_row][vc_row full_width=&#8221;1&#8243; css_outer=&#8221;.vc_custom_1409173676470{background-color: #ffffff !important;}&#8221;]<\/p>\n","protected":false},"excerpt":{"rendered":"<p>[vc_row full_width=&#8221;0&#8243; el_class=&#8221;homeslider&#8221; css=&#8221;.vc_custom_1409172875505{background-color: #425f37 !important;}&#8221;][vc_column][rev_slider_vc alias=&#8221;homeslider&#8221;][\/vc_column][\/vc_row][vc_row full_width=&#8221;1&#8243; css_outer=&#8221;.vc_custom_1409173660332{background-color: #425f37 !important;}&#8221;][vc_column][vc_custom_heading text=&#8221;Ce site a \u00e9t\u00e9 d\u00e9plac\u00e9 vers : www.cartayrade.eu&#8221; font_container=&#8221;tag:h2|font_size:26px|text_align:center|color:%23ffffff&#8221; google_fonts=&#8221;font_family:Open%20Sans%3A300%2C300italic%2Cregular%2Citalic%2C600%2C600italic%2C700%2C700italic%2C800%2C800italic|font_style:400%20regular%3A400%3Anormal&#8221; el_class=&#8221;hometitel&#8221;][\/vc_column][\/vc_row][vc_row full_width=&#8221;1&#8243; el_class=&#8221;textblockhome&#8221; css_outer=&#8221;.vc_custom_1409173668105{background-color: #425f37 !important;}&#8221;][vc_column width=&#8221;1\/2&#8243;][vc_column_text] [\/vc_column_text][\/vc_column][vc_column width=&#8221;1\/2&#8243;][vc_column_text]Ce site a \u00e9t\u00e9 d\u00e9plac\u00e9 vers&#8230;<\/p>\n","protected":false},"author":1,"featured_media":0,"parent":0,"menu_order":0,"comment_status":"closed","ping_status":"closed","template":"","meta":{"footnotes":""},"class_list":["post-576","page","type-page","status-publish","hentry"],"yoast_head":"<!-- This site is optimized with the Yoast SEO plugin v20.5 - https:\/\/yoast.com\/wordpress\/plugins\/seo\/ -->\n<title>Accueil - Cartayrade<\/title>\n<meta name=\"robots\" content=\"index, follow, max-snippet:-1, max-image-preview:large, max-video-preview:-1\" \/>\n<link rel=\"canonical\" href=\"https:\/\/cartayrade.com\/fr\/\" \/>\n<meta property=\"og:locale\" content=\"fr_FR\" \/>\n<meta property=\"og:type\" content=\"article\" \/>\n<meta property=\"og:title\" content=\"Accueil - Cartayrade\" \/>\n<meta property=\"og:description\" content=\"[vc_row full_width=&#8221;0&#8243; el_class=&#8221;homeslider&#8221; css=&#8221;.vc_custom_1409172875505{background-color: #425f37 !important;}&#8221;][vc_column][rev_slider_vc alias=&#8221;homeslider&#8221;][\/vc_column][\/vc_row][vc_row full_width=&#8221;1&#8243; css_outer=&#8221;.vc_custom_1409173660332{background-color: #425f37 !important;}&#8221;][vc_column][vc_custom_heading text=&#8221;Ce site a \u00e9t\u00e9 d\u00e9plac\u00e9 vers : www.cartayrade.eu&#8221; font_container=&#8221;tag:h2|font_size:26px|text_align:center|color:%23ffffff&#8221; google_fonts=&#8221;font_family:Open%20Sans%3A300%2C300italic%2Cregular%2Citalic%2C600%2C600italic%2C700%2C700italic%2C800%2C800italic|font_style:400%20regular%3A400%3Anormal&#8221; el_class=&#8221;hometitel&#8221;][\/vc_column][\/vc_row][vc_row full_width=&#8221;1&#8243; el_class=&#8221;textblockhome&#8221; css_outer=&#8221;.vc_custom_1409173668105{background-color: #425f37 !important;}&#8221;][vc_column width=&#8221;1\/2&#8243;][vc_column_text] [\/vc_column_text][\/vc_column][vc_column width=&#8221;1\/2&#8243;][vc_column_text]Ce site a \u00e9t\u00e9 d\u00e9plac\u00e9 vers...\" \/>\n<meta property=\"og:url\" content=\"https:\/\/cartayrade.com\/fr\/\" \/>\n<meta property=\"og:site_name\" content=\"Cartayrade\" \/>\n<meta property=\"article:modified_time\" content=\"2023-11-11T07:02:52+00:00\" \/>\n<meta name=\"twitter:label1\" content=\"Dur\u00e9e de lecture estim\u00e9e\" \/>\n\t<meta name=\"twitter:data1\" content=\"1 minute\" \/>\n<script type=\"application\/ld+json\" class=\"yoast-schema-graph\">{\"@context\":\"https:\/\/schema.org\",\"@graph\":[{\"@type\":\"WebPage\",\"@id\":\"https:\/\/cartayrade.com\/fr\/\",\"url\":\"https:\/\/cartayrade.com\/fr\/\",\"name\":\"Accueil - Cartayrade\",\"isPartOf\":{\"@id\":\"https:\/\/cartayrade.com\/#website\"},\"datePublished\":\"2016-01-25T18:30:23+00:00\",\"dateModified\":\"2023-11-11T07:02:52+00:00\",\"breadcrumb\":{\"@id\":\"https:\/\/cartayrade.com\/fr\/#breadcrumb\"},\"inLanguage\":\"fr-FR\",\"potentialAction\":[{\"@type\":\"ReadAction\",\"target\":[\"https:\/\/cartayrade.com\/fr\/\"]}]},{\"@type\":\"BreadcrumbList\",\"@id\":\"https:\/\/cartayrade.com\/fr\/#breadcrumb\",\"itemListElement\":[{\"@type\":\"ListItem\",\"position\":1,\"name\":\"Home\",\"item\":\"https:\/\/cartayrade.com\/fr\/\"},{\"@type\":\"ListItem\",\"position\":2,\"name\":\"Accueil\"}]},{\"@type\":\"WebSite\",\"@id\":\"https:\/\/cartayrade.com\/#website\",\"url\":\"https:\/\/cartayrade.com\/\",\"name\":\"Cartayrade\",\"description\":\"Gites en nature\",\"potentialAction\":[{\"@type\":\"SearchAction\",\"target\":{\"@type\":\"EntryPoint\",\"urlTemplate\":\"https:\/\/cartayrade.com\/?s={search_term_string}\"},\"query-input\":\"required name=search_term_string\"}],\"inLanguage\":\"fr-FR\"}]}<\/script>\n<!-- \/ Yoast SEO plugin. -->","yoast_head_json":{"title":"Accueil - Cartayrade","robots":{"index":"index","follow":"follow","max-snippet":"max-snippet:-1","max-image-preview":"max-image-preview:large","max-video-preview":"max-video-preview:-1"},"canonical":"https:\/\/cartayrade.com\/fr\/","og_locale":"fr_FR","og_type":"article","og_title":"Accueil - Cartayrade","og_description":"[vc_row full_width=&#8221;0&#8243; el_class=&#8221;homeslider&#8221; css=&#8221;.vc_custom_1409172875505{background-color: #425f37 !important;}&#8221;][vc_column][rev_slider_vc alias=&#8221;homeslider&#8221;][\/vc_column][\/vc_row][vc_row full_width=&#8221;1&#8243; css_outer=&#8221;.vc_custom_1409173660332{background-color: #425f37 !important;}&#8221;][vc_column][vc_custom_heading text=&#8221;Ce site a \u00e9t\u00e9 d\u00e9plac\u00e9 vers : www.cartayrade.eu&#8221; font_container=&#8221;tag:h2|font_size:26px|text_align:center|color:%23ffffff&#8221; google_fonts=&#8221;font_family:Open%20Sans%3A300%2C300italic%2Cregular%2Citalic%2C600%2C600italic%2C700%2C700italic%2C800%2C800italic|font_style:400%20regular%3A400%3Anormal&#8221; el_class=&#8221;hometitel&#8221;][\/vc_column][\/vc_row][vc_row full_width=&#8221;1&#8243; el_class=&#8221;textblockhome&#8221; css_outer=&#8221;.vc_custom_1409173668105{background-color: #425f37 !important;}&#8221;][vc_column width=&#8221;1\/2&#8243;][vc_column_text] [\/vc_column_text][\/vc_column][vc_column width=&#8221;1\/2&#8243;][vc_column_text]Ce site a \u00e9t\u00e9 d\u00e9plac\u00e9 vers...","og_url":"https:\/\/cartayrade.com\/fr\/","og_site_name":"Cartayrade","article_modified_time":"2023-11-11T07:02:52+00:00","twitter_misc":{"Dur\u00e9e de lecture estim\u00e9e":"1 minute"},"schema":{"@context":"https:\/\/schema.org","@graph":[{"@type":"WebPage","@id":"https:\/\/cartayrade.com\/fr\/","url":"https:\/\/cartayrade.com\/fr\/","name":"Accueil - Cartayrade","isPartOf":{"@id":"https:\/\/cartayrade.com\/#website"},"datePublished":"2016-01-25T18:30:23+00:00","dateModified":"2023-11-11T07:02:52+00:00","breadcrumb":{"@id":"https:\/\/cartayrade.com\/fr\/#breadcrumb"},"inLanguage":"fr-FR","potentialAction":[{"@type":"ReadAction","target":["https:\/\/cartayrade.com\/fr\/"]}]},{"@type":"BreadcrumbList","@id":"https:\/\/cartayrade.com\/fr\/#breadcrumb","itemListElement":[{"@type":"ListItem","position":1,"name":"Home","item":"https:\/\/cartayrade.com\/fr\/"},{"@type":"ListItem","position":2,"name":"Accueil"}]},{"@type":"WebSite","@id":"https:\/\/cartayrade.com\/#website","url":"https:\/\/cartayrade.com\/","name":"Cartayrade","description":"Gites en nature","potentialAction":[{"@type":"SearchAction","target":{"@type":"EntryPoint","urlTemplate":"https:\/\/cartayrade.com\/?s={search_term_string}"},"query-input":"required name=search_term_string"}],"inLanguage":"fr-FR"}]}},"_links":{"self":[{"href":"https:\/\/cartayrade.com\/fr\/wp-json\/wp\/v2\/pages\/576","targetHints":{"allow":["GET"]}}],"collection":[{"href":"https:\/\/cartayrade.com\/fr\/wp-json\/wp\/v2\/pages"}],"about":[{"href":"https:\/\/cartayrade.com\/fr\/wp-json\/wp\/v2\/types\/page"}],"author":[{"embeddable":true,"href":"https:\/\/cartayrade.com\/fr\/wp-json\/wp\/v2\/users\/1"}],"replies":[{"embeddable":true,"href":"https:\/\/cartayrade.com\/fr\/wp-json\/wp\/v2\/comments?post=576"}],"version-history":[{"count":13,"href":"https:\/\/cartayrade.com\/fr\/wp-json\/wp\/v2\/pages\/576\/revisions"}],"predecessor-version":[{"id":1189,"href":"https:\/\/cartayrade.com\/fr\/wp-json\/wp\/v2\/pages\/576\/revisions\/1189"}],"wp:attachment":[{"href":"https:\/\/cartayrade.com\/fr\/wp-json\/wp\/v2\/media?parent=576"}],"curies":[{"name":"wp","href":"https:\/\/api.w.org\/{rel}","templated":true}]}}